{"id":15366,"date":"2015-05-08T08:35:21","date_gmt":"2015-05-08T08:35:21","guid":{"rendered":"http:\/\/demo.qodeinteractive.com\/bridge95\/?page_id=15366"},"modified":"2019-02-25T00:05:19","modified_gmt":"2019-02-25T00:05:19","slug":"productes","status":"publish","type":"page","link":"https:\/\/matricir.com\/es\/productes\/","title":{"rendered":"Productos"},"content":{"rendered":"<p>[vc_row row_type=\u00bbrow\u00bb use_row_as_full_screen_section=\u00bbno\u00bb type=\u00bbfull_width\u00bb header_style=\u00bb\u00bb parallax_content_width=\u00bbin_grid\u00bb anchor=\u00bb\u00bb in_content_menu=\u00bb\u00bb content_menu_title=\u00bb\u00bb content_menu_icon=\u00bb\u00bb angled_section=\u00bbno\u00bb angled_section_position=\u00bbboth\u00bb angled_section_direction=\u00bbfrom_left_to_right\u00bb text_align=\u00bbleft\u00bb video=\u00bb\u00bb video_overlay=\u00bb\u00bb video_overlay_image=\u00bb\u00bb video_webm=\u00bb\u00bb video_mp4=\u00bb\u00bb video_ogv=\u00bb\u00bb video_image=\u00bb\u00bb background_image=\u00bb\u00bb background_image_as_pattern=\u00bbwithout_pattern\u00bb section_height=\u00bb\u00bb parallax_speed=\u00bb\u00bb background_color=\u00bb\u00bb border_color=\u00bb\u00bb row_negative_margin=\u00bb\u00bb side_padding=\u00bb\u00bb parallax_side_padding=\u00bb\u00bb padding_top=\u00bb\u00bb padding_bottom=\u00bb\u00bb color=\u00bb\u00bb hover_color=\u00bb\u00bb more_button_label=\u00bb\u00bb less_button_label=\u00bb\u00bb button_position=\u00bb\u00bb css_animation=\u00bb\u00bb transition_delay=\u00bb\u00bb][vc_column width=\u00bb1\/1&#8243;][layerslider_vc id=\u00bb6&#8243;][\/vc_column][\/vc_row][vc_row row_type=\u00bbrow\u00bb use_row_as_full_screen_section=\u00bbno\u00bb type=\u00bbgrid\u00bb angled_section=\u00bbno\u00bb angled_section_position=\u00bbboth\u00bb angled_section_direction=\u00bbfrom_left_to_right\u00bb text_align=\u00bbcenter\u00bb background_image_as_pattern=\u00bbwithout_pattern\u00bb padding_top=\u00bb86&#8243; padding_bottom=\u00bb0&#8243; el_class=\u00bbcustom-icon-styles\u00bb parallax_content_width=\u00bbin_grid\u00bb row_negative_margin=\u00bb\u00bb][vc_column width=\u00bb1\/1&#8243;][vc_row_inner row_type=\u00bbrow\u00bb use_as_box=\u00bb\u00bb type=\u00bbfull_width\u00bb text_align=\u00bbleft\u00bb css_animation=\u00bbelement_from_bottom\u00bb transition_delay=\u00bb150&#8243; padding_bottom=\u00bb75&#8243;][vc_column_inner el_class=\u00bb\u00bb width=\u00bb1\/12&#8243;][\/vc_column_inner][vc_column_inner el_class=\u00bb\u00bb width=\u00bb10\/12&#8243;][vc_column_text css=\u00bb.vc_custom_1436373103507{padding-top: 20px !important;padding-right: 10% !important;padding-left: 10% !important;}\u00bb]<\/p>\n<h3 style=\"text-align: center;\"><strong>Matrices y rodillos<\/strong><\/h3>\n<p style=\"text-align: center;\">En MATRICIR fabricamos matrices de todos los modelos con acero inoxidable y acero de cementaci\u00f3n, desde \u00f8300mm hasta \u00f81500mm; taladros desde \u00f81.8mm hasta \u00f825mm de di\u00e1metro.<\/p>\n<p style=\"text-align: center;\">Fabricamos rodillos y todos sus componentes; y camisas de todos los modelos, de ranura o de colmena, seg\u00fan las necesidades del cliente. Disponemos de un stock permanente de materiales en bruto y de piezas acabadas, lo cual nos permite abreviar extremadamente los plazos de entrega. No lo olvide: MATRICIR es calidad y servicio. Resultados y econom\u00eda a su alcance.<\/p>\n<p>[\/vc_column_text][\/vc_column_inner][vc_column_inner el_class=\u00bb\u00bb width=\u00bb1\/12&#8243;][\/vc_column_inner][\/vc_row_inner][\/vc_column][\/vc_row][vc_row row_type=\u00bbrow\u00bb use_row_as_full_screen_section=\u00bbno\u00bb type=\u00bbgrid\u00bb angled_section=\u00bbno\u00bb angled_section_position=\u00bbboth\u00bb angled_section_direction=\u00bbfrom_left_to_right\u00bb text_align=\u00bbleft\u00bb background_image_as_pattern=\u00bbwithout_pattern\u00bb padding_top=\u00bb0&#8243; padding_bottom=\u00bb85&#8243; parallax_content_width=\u00bbin_grid\u00bb el_class=\u00bbtheagency_image_txt_over\u00bb row_negative_margin=\u00bb\u00bb][vc_column width=\u00bb1\/2&#8243;][vc_gallery type=\u00bbnivo\u00bb interval=\u00bb3&#8243; onclick=\u00bblink_image\u00bb custom_links_target=\u00bb_self\u00bb column_number=\u00bb2&#8243; grayscale=\u00bbno\u00bb choose_frame=\u00bbdefault\u00bb images_space=\u00bbgallery_without_space\u00bb images=\u00bb15616,15617,15618,15619&#8243;][vc_column_text css=\u00bb.vc_custom_1436527685433{margin-top: 0px !important;padding-top: 0px !important;}\u00bb]<\/p>\n<p style=\"text-align: center;\">Algunos ejemplos de matrices<\/p>\n<p>[\/vc_column_text][vc_separator type=\u00bbtransparent\u00bb position=\u00bbcenter\u00bb width_in_percentages=\u00bb\u00bb up=\u00bb18&#8243;][\/vc_column][vc_column width=\u00bb1\/2&#8243;][vc_gallery type=\u00bbnivo\u00bb interval=\u00bb3&#8243; onclick=\u00bblink_image\u00bb custom_links_target=\u00bb_self\u00bb column_number=\u00bb2&#8243; grayscale=\u00bbno\u00bb choose_frame=\u00bbdefault\u00bb images_space=\u00bbgallery_without_space\u00bb images=\u00bb15620,15621,15622,15623,15624,15625&#8243;][vc_column_text css=\u00bb.vc_custom_1436527692599{margin-top: 0px !important;padding-top: 0px !important;}\u00bb]<\/p>\n<p style=\"text-align: center;\">Algunos ejemplos de rodillos<\/p>\n<p>[\/vc_column_text][vc_separator type=\u00bbtransparent\u00bb position=\u00bbcenter\u00bb width_in_percentages=\u00bb\u00bb up=\u00bb18&#8243;][\/vc_column][\/vc_row]<\/p>","protected":false},"excerpt":{"rendered":"<p>[vc_row row_type=\u00bbrow\u00bb use_row_as_full_screen_section=\u00bbno\u00bb type=\u00bbfull_width\u00bb header_style=\u00bb\u00bb parallax_content_width=\u00bbin_grid\u00bb anchor=\u00bb\u00bb in_content_menu=\u00bb\u00bb content_menu_title=\u00bb\u00bb content_menu_icon=\u00bb\u00bb angled_section=\u00bbno\u00bb angled_section_position=\u00bbboth\u00bb angled_section_direction=\u00bbfrom_left_to_right\u00bb text_align=\u00bbleft\u00bb video=\u00bb\u00bb video_overlay=\u00bb\u00bb video_overlay_image=\u00bb\u00bb video_webm=\u00bb\u00bb video_mp4=\u00bb\u00bb video_ogv=\u00bb\u00bb video_image=\u00bb\u00bb background_image=\u00bb\u00bb background_image_as_pattern=\u00bbwithout_pattern\u00bb section_height=\u00bb\u00bb parallax_speed=\u00bb\u00bb background_color=\u00bb\u00bb border_color=\u00bb\u00bb row_negative_margin=\u00bb\u00bb side_padding=\u00bb\u00bb parallax_side_padding=\u00bb\u00bb padding_top=\u00bb\u00bb padding_bottom=\u00bb\u00bb color=\u00bb\u00bb hover_color=\u00bb\u00bb more_button_label=\u00bb\u00bb less_button_label=\u00bb\u00bb button_position=\u00bb\u00bb css_animation=\u00bb\u00bb transition_delay=\u00bb\u00bb][vc_column width=\u00bb1\/1&#8243;][layerslider_vc id=\u00bb6&#8243;][\/vc_column][\/vc_row][vc_row row_type=\u00bbrow\u00bb use_row_as_full_screen_section=\u00bbno\u00bb type=\u00bbgrid\u00bb angled_section=\u00bbno\u00bb&#8230;<\/p>\n","protected":false},"author":1,"featured_media":0,"parent":0,"menu_order":0,"comment_status":"open","ping_status":"open","template":"full_width.php","meta":[],"_links":{"self":[{"href":"https:\/\/matricir.com\/es\/wp-json\/wp\/v2\/pages\/15366"}],"collection":[{"href":"https:\/\/matricir.com\/es\/wp-json\/wp\/v2\/pages"}],"about":[{"href":"https:\/\/matricir.com\/es\/wp-json\/wp\/v2\/types\/page"}],"author":[{"embeddable":true,"href":"https:\/\/matricir.com\/es\/wp-json\/wp\/v2\/users\/1"}],"replies":[{"embeddable":true,"href":"https:\/\/matricir.com\/es\/wp-json\/wp\/v2\/comments?post=15366"}],"version-history":[{"count":24,"href":"https:\/\/matricir.com\/es\/wp-json\/wp\/v2\/pages\/15366\/revisions"}],"predecessor-version":[{"id":15749,"href":"https:\/\/matricir.com\/es\/wp-json\/wp\/v2\/pages\/15366\/revisions\/15749"}],"wp:attachment":[{"href":"https:\/\/matricir.com\/es\/wp-json\/wp\/v2\/media?parent=15366"}],"curies":[{"name":"wp","href":"https:\/\/api.w.org\/{rel}","templated":true}]}}