{"id":15359,"date":"2015-05-08T08:22:01","date_gmt":"2015-05-08T08:22:01","guid":{"rendered":"http:\/\/demo.qodeinteractive.com\/bridge95\/?page_id=15359"},"modified":"2024-02-28T17:02:01","modified_gmt":"2024-02-28T16:02:01","slug":"serveis","status":"publish","type":"page","link":"https:\/\/matricir.com\/es\/serveis\/","title":{"rendered":"Servicios"},"content":{"rendered":"<p>[vc_row][vc_column][layerslider_vc id=\u00bb7&#8243;][\/vc_column][\/vc_row][vc_row type=\u00bbgrid\u00bb text_align=\u00bbcenter\u00bb padding_top=\u00bb24&#8243; padding_bottom=\u00bb0&#8243; el_class=\u00bbcustom-icon-styles\u00bb][vc_column][vc_row_inner padding_bottom=\u00bb48&#8243; css_animation=\u00bbelement_from_bottom\u00bb transition_delay=\u00bb150&#8243;][vc_column_inner][vc_column_text css=\u00bb.vc_custom_1436959445327{padding-top: 20px !important;padding-right: 5% !important;padding-left: 5% !important;}\u00bb]<\/p>\n<h3 style=\"text-align: center;\">La satisfacci\u00f3n del cliente es nuestro principal objetivo<\/h3>\n<p style=\"text-align: center;\">En Matricir fabricamos productos a medida para nuestros clientes, con la m\u00e1xima calidad y precisi\u00f3n. Los principales sectores a los que servimos son: fabricaci\u00f3n o tratamiento de pienso, alfalfa, biomasa (combustible granulado), fertilizantes, pl\u00e1sticos\u2026<\/p>\n<p>[\/vc_column_text][\/vc_column_inner][\/vc_row_inner][\/vc_column][\/vc_row][vc_row][vc_column width=\u00bb1\/6&#8243;][vc_column_text]<br \/>\n[\/vc_column_text][\/vc_column][vc_column width=\u00bb4\/6&#8243;][qode_elements_holder number_of_columns=\u00bbthree_columns\u00bb][qode_elements_holder_item][vc_single_image image=\u00bb15585&#8243; alignment=\u00bbcenter\u00bb][vc_column_text]<\/p>\n<p style=\"text-align: center;\">1. Materia prima<\/p>\n<p>[\/vc_column_text][vc_separator type=\u00bbtransparent\u00bb up=\u00bb25&#8243; down=\u00bb0&#8243;][\/qode_elements_holder_item][qode_elements_holder_item][vc_single_image image=\u00bb15592&#8243; alignment=\u00bbcenter\u00bb][vc_column_text]<\/p>\n<p style=\"text-align: center;\">2. Dise\u00f1o<\/p>\n<p>[\/vc_column_text][vc_separator type=\u00bbtransparent\u00bb up=\u00bb25&#8243; down=\u00bb0&#8243;][\/qode_elements_holder_item][qode_elements_holder_item][vc_single_image image=\u00bb15593&#8243; alignment=\u00bbcenter\u00bb][vc_column_text]<\/p>\n<p style=\"text-align: center;\">3. Torneado<\/p>\n<p>[\/vc_column_text][vc_separator type=\u00bbtransparent\u00bb up=\u00bb25&#8243; down=\u00bb0&#8243;][\/qode_elements_holder_item][\/qode_elements_holder][\/vc_column][vc_column width=\u00bb1\/6&#8243;][vc_column_text]<br \/>\n[\/vc_column_text][\/vc_column][\/vc_row][vc_row][vc_column width=\u00bb1\/6&#8243;][vc_column_text]<br \/>\n[\/vc_column_text][\/vc_column][vc_column width=\u00bb4\/6&#8243;][qode_elements_holder number_of_columns=\u00bbthree_columns\u00bb][qode_elements_holder_item][vc_single_image image=\u00bb15591&#8243; alignment=\u00bbcenter\u00bb][vc_column_text]<\/p>\n<p style=\"text-align: center;\">4. Taladrado<\/p>\n<p>[\/vc_column_text][vc_separator type=\u00bbtransparent\u00bb up=\u00bb25&#8243; down=\u00bb0&#8243;][\/qode_elements_holder_item][qode_elements_holder_item][vc_single_image image=\u00bb15589&#8243; alignment=\u00bbcenter\u00bb][vc_column_text]<\/p>\n<p style=\"text-align: center;\">5. Avellanado<\/p>\n<p>[\/vc_column_text][vc_separator type=\u00bbtransparent\u00bb up=\u00bb25&#8243; down=\u00bb0&#8243;][\/qode_elements_holder_item][qode_elements_holder_item][vc_single_image image=\u00bb15588&#8243; alignment=\u00bbcenter\u00bb][vc_column_text]<\/p>\n<p style=\"text-align: center;\">6. Tratamiento t\u00e9rmico<\/p>\n<p>[\/vc_column_text][vc_separator type=\u00bbtransparent\u00bb up=\u00bb25&#8243; down=\u00bb0&#8243;][\/qode_elements_holder_item][\/qode_elements_holder][\/vc_column][vc_column width=\u00bb1\/6&#8243;][vc_column_text]<br \/>\n[\/vc_column_text][\/vc_column][\/vc_row][vc_row padding_bottom=\u00bb80&#8243;][vc_column width=\u00bb1\/6&#8243;][vc_column_text]<br \/>\n[\/vc_column_text][\/vc_column][vc_column width=\u00bb4\/6&#8243;][qode_elements_holder number_of_columns=\u00bbthree_columns\u00bb][qode_elements_holder_item][vc_single_image image=\u00bb15590&#8243; alignment=\u00bbcenter\u00bb][vc_column_text]<\/p>\n<p style=\"text-align: center;\">7. Rectificado a medida<\/p>\n<p>[\/vc_column_text][vc_separator type=\u00bbtransparent\u00bb up=\u00bb25&#8243; down=\u00bb0&#8243;][\/qode_elements_holder_item][qode_elements_holder_item][vc_single_image image=\u00bb15587&#8243; alignment=\u00bbcenter\u00bb][vc_column_text]<\/p>\n<p style=\"text-align: center;\">8. Suavizado<\/p>\n<p>[\/vc_column_text][vc_separator type=\u00bbtransparent\u00bb up=\u00bb25&#8243; down=\u00bb0&#8243;][\/qode_elements_holder_item][qode_elements_holder_item][vc_single_image image=\u00bb15586&#8243; alignment=\u00bbcenter\u00bb][vc_column_text]<\/p>\n<p style=\"text-align: center;\">9. Embalaje y transporte<\/p>\n<p>[\/vc_column_text][vc_separator type=\u00bbtransparent\u00bb up=\u00bb25&#8243; down=\u00bb0&#8243;][\/qode_elements_holder_item][\/qode_elements_holder][\/vc_column][vc_column width=\u00bb1\/6&#8243;][vc_column_text]<br \/>\n[\/vc_column_text][\/vc_column][\/vc_row]<\/p>","protected":false},"excerpt":{"rendered":"<p>[vc_row][vc_column][layerslider_vc id=\u00bb7&#8243;][\/vc_column][\/vc_row][vc_row type=\u00bbgrid\u00bb text_align=\u00bbcenter\u00bb padding_top=\u00bb24&#8243; padding_bottom=\u00bb0&#8243; el_class=\u00bbcustom-icon-styles\u00bb][vc_column][vc_row_inner padding_bottom=\u00bb48&#8243; css_animation=\u00bbelement_from_bottom\u00bb transition_delay=\u00bb150&#8243;][vc_column_inner][vc_column_text css=\u00bb.vc_custom_1436959445327{padding-top: 20px !important;padding-right: 5% !important;padding-left: 5% !important;}\u00bb] La satisfacci\u00f3n del cliente es nuestro principal objetivo En Matricir fabricamos productos a medida para nuestros clientes, con la m\u00e1xima calidad y precisi\u00f3n. Los principales sectores a los&#8230;<\/p>\n","protected":false},"author":1,"featured_media":0,"parent":0,"menu_order":0,"comment_status":"open","ping_status":"open","template":"full_width.php","meta":[],"_links":{"self":[{"href":"https:\/\/matricir.com\/es\/wp-json\/wp\/v2\/pages\/15359"}],"collection":[{"href":"https:\/\/matricir.com\/es\/wp-json\/wp\/v2\/pages"}],"about":[{"href":"https:\/\/matricir.com\/es\/wp-json\/wp\/v2\/types\/page"}],"author":[{"embeddable":true,"href":"https:\/\/matricir.com\/es\/wp-json\/wp\/v2\/users\/1"}],"replies":[{"embeddable":true,"href":"https:\/\/matricir.com\/es\/wp-json\/wp\/v2\/comments?post=15359"}],"version-history":[{"count":47,"href":"https:\/\/matricir.com\/es\/wp-json\/wp\/v2\/pages\/15359\/revisions"}],"predecessor-version":[{"id":15759,"href":"https:\/\/matricir.com\/es\/wp-json\/wp\/v2\/pages\/15359\/revisions\/15759"}],"wp:attachment":[{"href":"https:\/\/matricir.com\/es\/wp-json\/wp\/v2\/media?parent=15359"}],"curies":[{"name":"wp","href":"https:\/\/api.w.org\/{rel}","templated":true}]}}