{"id":15338,"date":"2015-05-08T07:24:24","date_gmt":"2015-05-08T07:24:24","guid":{"rendered":"http:\/\/demo.qodeinteractive.com\/bridge95\/?page_id=15338"},"modified":"2024-02-28T08:22:50","modified_gmt":"2024-02-28T07:22:50","slug":"presentacio","status":"publish","type":"page","link":"https:\/\/matricir.com\/es\/presentacio\/","title":{"rendered":"Presentaci\u00f3n"},"content":{"rendered":"<p>[vc_row][vc_column][layerslider_vc id=\u00bb5&#8243;][\/vc_column][\/vc_row][vc_row type=\u00bbgrid\u00bb padding_top=\u00bb85&#8243; padding_bottom=\u00bb47&#8243;][vc_column][qode_elements_holder background_color=\u00bb#f9f9f9&#8243; number_of_columns=\u00bbfour_columns\u00bb][qode_elements_holder_item][vc_video link=\u00bbhttp:\/\/youtu.be\/pMwxWzL5eQU?rel=0&#8243; css=\u00bb.vc_custom_1709104937805{background-color: #000000 !important;}\u00bb][\/qode_elements_holder_item][\/qode_elements_holder][\/vc_column][\/vc_row][vc_row][vc_column][vc_column_text]<\/p>\n<p>[\/vc_column_text][\/vc_column][\/vc_row][vc_row type=\u00bbgrid\u00bb padding_top=\u00bb40&#8243; padding_bottom=\u00bb47&#8243;][vc_column width=\u00bb1\/2&#8243;][vc_column_text]<\/p>\n<h3>Empresa<\/h3>\n<p>[\/vc_column_text][vc_separator type=\u00bbtransparent\u00bb up=\u00bb18&#8243; down=\u00bb0&#8243;][vc_column_text]MATRICIR es una empresa con mucha experiencia fundada en el a\u00f1o 1970 dedicada al sector de la granulaci\u00f3n, que mantiene un \u00e1nimo de superaci\u00f3n constante. Nuestras matrices son el fruto del trabajo al m\u00e1s alto nivel de nuestros equipos de investigaci\u00f3n, desarrollo e innovaciones. La experiencia y la especial atenci\u00f3n a las \u00faltimas tecnolog\u00edas del mercado confluyen en unos resultados \u00f3ptimos.[\/vc_column_text][vc_separator type=\u00bbtransparent\u00bb up=\u00bb29&#8243; down=\u00bb0&#8243;][vc_column_text]<\/p>\n<h3>Calidad y fiabilidad<\/h3>\n<p>[\/vc_column_text][vc_separator type=\u00bbtransparent\u00bb up=\u00bb18&#8243; down=\u00bb0&#8243;][vc_column_text]Empleamos materiales de la mejor calidad y fabricamos seg\u00fan especificaciones t\u00e9cnicas muy rigurosas con m\u00e1quinas autom\u00e1ticas de control num\u00e9rico y personal t\u00e9cnico altamente cualificado.[\/vc_column_text][\/vc_column][vc_column width=\u00bb1\/2&#8243;][vc_single_image image=\u00bb15613&#8243; img_size=\u00bblarge\u00bb][\/vc_column][\/vc_row][vc_row type=\u00bbgrid\u00bb padding_top=\u00bb15&#8243; padding_bottom=\u00bb85&#8243;][vc_column width=\u00bb1\/2&#8243;][vc_single_image image=\u00bb15614&#8243; img_size=\u00bblarge\u00bb][\/vc_column][vc_column width=\u00bb1\/2&#8243;][vc_column_text]Nuestras m\u00e1quinas y sistemas de fabricaci\u00f3n permiten obtener un acabado \u00f3ptimo en el interior de los taladros. En la fase final, se considera de vital importancia el rodaje o suavizado del interior del taladro; de esta forma se garantiza la correcta puesta en funcionamiento de la matriz.[\/vc_column_text][vc_separator type=\u00bbtransparent\u00bb up=\u00bb18&#8243; down=\u00bb0&#8243;][vc_column_text]Tambi\u00e9n cabe mencionar que actualmente MATRICIR posee dos m\u00e1quinas de broca de ca\u00f1\u00f3n \u00fanicas en el mundo. Son m\u00e1quinas de \u00faltima generaci\u00f3n, con 12 unidades de taladrado por m\u00e1quina\u00a0 trabajando en la misma matriz, y que permiten obtener unos acabados y un pulido interior del taladro excelentes. Este hecho junto a su sofisticado centro de mecanizado vertical, que permite tornear, taladrar, chaflanar y roscar las matrices, hace que MATRICIR sea una empresa puntera en inversi\u00f3n tecnol\u00f3gica y en maquinaria en el sector.[\/vc_column_text][\/vc_column][\/vc_row]<\/p>","protected":false},"excerpt":{"rendered":"<p>[vc_row][vc_column][layerslider_vc id=\u00bb5&#8243;][\/vc_column][\/vc_row][vc_row type=\u00bbgrid\u00bb padding_top=\u00bb85&#8243; padding_bottom=\u00bb47&#8243;][vc_column][qode_elements_holder background_color=\u00bb#f9f9f9&#8243; number_of_columns=\u00bbfour_columns\u00bb][qode_elements_holder_item][vc_video link=\u00bbhttp:\/\/youtu.be\/pMwxWzL5eQU?rel=0&#8243; css=\u00bb.vc_custom_1709104937805{background-color: #000000 !important;}\u00bb][\/qode_elements_holder_item][\/qode_elements_holder][\/vc_column][\/vc_row][vc_row][vc_column][vc_column_text] [\/vc_column_text][\/vc_column][\/vc_row][vc_row type=\u00bbgrid\u00bb padding_top=\u00bb40&#8243; padding_bottom=\u00bb47&#8243;][vc_column width=\u00bb1\/2&#8243;][vc_column_text] Empresa [\/vc_column_text][vc_separator type=\u00bbtransparent\u00bb up=\u00bb18&#8243; down=\u00bb0&#8243;][vc_column_text]MATRICIR es una empresa con mucha experiencia fundada en el a\u00f1o 1970 dedicada al sector de la granulaci\u00f3n, que mantiene un \u00e1nimo de superaci\u00f3n constante&#8230;.<\/p>\n","protected":false},"author":1,"featured_media":0,"parent":0,"menu_order":0,"comment_status":"open","ping_status":"open","template":"full_width.php","meta":[],"_links":{"self":[{"href":"https:\/\/matricir.com\/es\/wp-json\/wp\/v2\/pages\/15338"}],"collection":[{"href":"https:\/\/matricir.com\/es\/wp-json\/wp\/v2\/pages"}],"about":[{"href":"https:\/\/matricir.com\/es\/wp-json\/wp\/v2\/types\/page"}],"author":[{"embeddable":true,"href":"https:\/\/matricir.com\/es\/wp-json\/wp\/v2\/users\/1"}],"replies":[{"embeddable":true,"href":"https:\/\/matricir.com\/es\/wp-json\/wp\/v2\/comments?post=15338"}],"version-history":[{"count":30,"href":"https:\/\/matricir.com\/es\/wp-json\/wp\/v2\/pages\/15338\/revisions"}],"predecessor-version":[{"id":15757,"href":"https:\/\/matricir.com\/es\/wp-json\/wp\/v2\/pages\/15338\/revisions\/15757"}],"wp:attachment":[{"href":"https:\/\/matricir.com\/es\/wp-json\/wp\/v2\/media?parent=15338"}],"curies":[{"name":"wp","href":"https:\/\/api.w.org\/{rel}","templated":true}]}}