{"id":14869,"date":"2014-05-20T07:51:11","date_gmt":"2014-05-20T07:51:11","guid":{"rendered":"http:\/\/demo.qodeinteractive.com\/bridge95\/?page_id=14869"},"modified":"2019-02-26T00:36:37","modified_gmt":"2019-02-26T00:36:37","slug":"home","status":"publish","type":"page","link":"https:\/\/matricir.com\/es\/","title":{"rendered":"Home"},"content":{"rendered":"<p>[vc_row][vc_column width=\u00bb1\/1&#8243;][layerslider_vc id=\u00bb4&#8243;][\/vc_column][\/vc_row][vc_row row_type=\u00bbrow\u00bb use_row_as_full_screen_section=\u00bbno\u00bb type=\u00bbgrid\u00bb angled_section=\u00bbno\u00bb angled_section_position=\u00bbboth\u00bb angled_section_direction=\u00bbfrom_left_to_right\u00bb text_align=\u00bbcenter\u00bb background_image_as_pattern=\u00bbwithout_pattern\u00bb padding_top=\u00bb86&#8243; padding_bottom=\u00bb0&#8243; el_class=\u00bbcustom-icon-styles\u00bb parallax_content_width=\u00bbin_grid\u00bb row_negative_margin=\u00bb\u00bb][vc_column width=\u00bb1\/1&#8243;][vc_row_inner row_type=\u00bbrow\u00bb use_as_box=\u00bb\u00bb type=\u00bbfull_width\u00bb text_align=\u00bbleft\u00bb css_animation=\u00bbelement_from_bottom\u00bb transition_delay=\u00bb150&#8243; padding_bottom=\u00bb75&#8243;][vc_column_inner width=\u00bb1\/1&#8243;][vc_column_text css=\u00bb.vc_custom_1437925330574{padding-top: 20px !important;padding-right: 5% !important;padding-left: 5% !important;}\u00bb]<\/p>\n<h3 style=\"text-align: center;\">Fabricaci\u00f3n de matrices y rodillos<\/h3>\n<p style=\"text-align: center;\">MATRICIR es una empresa con mucha experiencia fundada en el a\u00f1o 1970 dedicada al sector de la granulaci\u00f3n, que mantiene un \u00e1nimo de superaci\u00f3n constante. Nuestras matrices son el fruto del trabajo al m\u00e1s alto nivel de nuestros equipos de investigaci\u00f3n, desarrollo e innovaciones. La experiencia y la especial atenci\u00f3n a las \u00faltimas tecnolog\u00edas del mercado confluyen en unos resultados \u00f3ptimos.<\/p>\n<p>[\/vc_column_text][\/vc_column_inner][\/vc_row_inner][\/vc_column][\/vc_row][vc_row row_type=\u00bbrow\u00bb use_row_as_full_screen_section=\u00bbno\u00bb type=\u00bbfull_width\u00bb angled_section=\u00bbno\u00bb angled_section_position=\u00bbboth\u00bb angled_section_direction=\u00bbfrom_left_to_right\u00bb text_align=\u00bbcenter\u00bb background_image_as_pattern=\u00bbwithout_pattern\u00bb padding_bottom=\u00bb36&#8243; parallax_content_width=\u00bbin_grid\u00bb row_negative_margin=\u00bb\u00bb padding_top=\u00bb36&#8243; css=\u00bb.vc_custom_1437637763885{background-color: #f2f2f2 !important;}\u00bb css_animation=\u00bbelement_from_left\u00bb][vc_column width=\u00bb1\/6&#8243;][\/vc_column][vc_column width=\u00bb3\/6&#8243;][vc_column_text css=\u00bb.vc_custom_1437925368575{margin-top: 3px !important;}\u00bb]<\/p>\n<h3><em><span style=\"color: #188325;\">\u00bfCu\u00e1l es el proceso de fabricaci\u00f3n de una matriz?<\/span><\/em><\/h3>\n<p>[\/vc_column_text][\/vc_column][vc_column width=\u00bb1\/6&#8243;]<a  href=\"serveis\" target=\"_self\"  class=\"qbutton  large white\" style=\"\">Ver Videos<i class=\"fa fa-video-camera\" style=\"\"><\/i><\/a>[\/vc_column][vc_column width=\u00bb1\/6&#8243;][\/vc_column][\/vc_row]<\/p>","protected":false},"excerpt":{"rendered":"<p>[vc_row][vc_column width=\u00bb1\/1&#8243;][layerslider_vc id=\u00bb4&#8243;][\/vc_column][\/vc_row][vc_row row_type=\u00bbrow\u00bb use_row_as_full_screen_section=\u00bbno\u00bb type=\u00bbgrid\u00bb angled_section=\u00bbno\u00bb angled_section_position=\u00bbboth\u00bb angled_section_direction=\u00bbfrom_left_to_right\u00bb text_align=\u00bbcenter\u00bb background_image_as_pattern=\u00bbwithout_pattern\u00bb padding_top=\u00bb86&#8243; padding_bottom=\u00bb0&#8243; el_class=\u00bbcustom-icon-styles\u00bb parallax_content_width=\u00bbin_grid\u00bb row_negative_margin=\u00bb\u00bb][vc_column width=\u00bb1\/1&#8243;][vc_row_inner row_type=\u00bbrow\u00bb use_as_box=\u00bb\u00bb type=\u00bbfull_width\u00bb text_align=\u00bbleft\u00bb css_animation=\u00bbelement_from_bottom\u00bb transition_delay=\u00bb150&#8243; padding_bottom=\u00bb75&#8243;][vc_column_inner width=\u00bb1\/1&#8243;][vc_column_text css=\u00bb.vc_custom_1437925330574{padding-top: 20px !important;padding-right: 5% !important;padding-left: 5% !important;}\u00bb] Fabricaci\u00f3n de matrices y rodillos MATRICIR es una empresa con mucha experiencia fundada&#8230;<\/p>\n","protected":false},"author":1,"featured_media":0,"parent":0,"menu_order":0,"comment_status":"open","ping_status":"open","template":"full_width.php","meta":[],"_links":{"self":[{"href":"https:\/\/matricir.com\/es\/wp-json\/wp\/v2\/pages\/14869"}],"collection":[{"href":"https:\/\/matricir.com\/es\/wp-json\/wp\/v2\/pages"}],"about":[{"href":"https:\/\/matricir.com\/es\/wp-json\/wp\/v2\/types\/page"}],"author":[{"embeddable":true,"href":"https:\/\/matricir.com\/es\/wp-json\/wp\/v2\/users\/1"}],"replies":[{"embeddable":true,"href":"https:\/\/matricir.com\/es\/wp-json\/wp\/v2\/comments?post=14869"}],"version-history":[{"count":67,"href":"https:\/\/matricir.com\/es\/wp-json\/wp\/v2\/pages\/14869\/revisions"}],"predecessor-version":[{"id":15754,"href":"https:\/\/matricir.com\/es\/wp-json\/wp\/v2\/pages\/14869\/revisions\/15754"}],"wp:attachment":[{"href":"https:\/\/matricir.com\/es\/wp-json\/wp\/v2\/media?parent=14869"}],"curies":[{"name":"wp","href":"https:\/\/api.w.org\/{rel}","templated":true}]}}