{"id":15366,"date":"2015-05-08T08:35:21","date_gmt":"2015-05-08T08:35:21","guid":{"rendered":"http:\/\/demo.qodeinteractive.com\/bridge95\/?page_id=15366"},"modified":"2019-02-25T00:05:19","modified_gmt":"2019-02-25T00:05:19","slug":"productes","status":"publish","type":"page","link":"https:\/\/matricir.com\/en\/productes\/","title":{"rendered":"Products"},"content":{"rendered":"<p>[vc_row row_type=&#8221;row&#8221; use_row_as_full_screen_section=&#8221;no&#8221; type=&#8221;full_width&#8221; header_style=&#8221;&#8221; parallax_content_width=&#8221;in_grid&#8221; anchor=&#8221;&#8221; in_content_menu=&#8221;&#8221; content_menu_title=&#8221;&#8221; content_menu_icon=&#8221;&#8221; angled_section=&#8221;no&#8221; angled_section_position=&#8221;both&#8221; angled_section_direction=&#8221;from_left_to_right&#8221; text_align=&#8221;left&#8221; video=&#8221;&#8221; video_overlay=&#8221;&#8221; video_overlay_image=&#8221;&#8221; video_webm=&#8221;&#8221; video_mp4=&#8221;&#8221; video_ogv=&#8221;&#8221; video_image=&#8221;&#8221; background_image=&#8221;&#8221; background_image_as_pattern=&#8221;without_pattern&#8221; section_height=&#8221;&#8221; parallax_speed=&#8221;&#8221; background_color=&#8221;&#8221; border_color=&#8221;&#8221; row_negative_margin=&#8221;&#8221; side_padding=&#8221;&#8221; parallax_side_padding=&#8221;&#8221; padding_top=&#8221;&#8221; padding_bottom=&#8221;&#8221; color=&#8221;&#8221; hover_color=&#8221;&#8221; more_button_label=&#8221;&#8221; less_button_label=&#8221;&#8221; button_position=&#8221;&#8221; css_animation=&#8221;&#8221; transition_delay=&#8221;&#8221;][vc_column width=&#8221;1\/1&#8243;][layerslider_vc id=&#8221;6&#8243;][\/vc_column][\/vc_row][vc_row row_type=&#8221;row&#8221; use_row_as_full_screen_section=&#8221;no&#8221; type=&#8221;grid&#8221; angled_section=&#8221;no&#8221; angled_section_position=&#8221;both&#8221; angled_section_direction=&#8221;from_left_to_right&#8221; text_align=&#8221;center&#8221; background_image_as_pattern=&#8221;without_pattern&#8221; padding_top=&#8221;86&#8243; padding_bottom=&#8221;0&#8243; el_class=&#8221;custom-icon-styles&#8221; parallax_content_width=&#8221;in_grid&#8221; row_negative_margin=&#8221;&#8221;][vc_column width=&#8221;1\/1&#8243;][vc_row_inner row_type=&#8221;row&#8221; use_as_box=&#8221;&#8221; type=&#8221;full_width&#8221; text_align=&#8221;left&#8221; css_animation=&#8221;element_from_bottom&#8221; transition_delay=&#8221;150&#8243; padding_bottom=&#8221;75&#8243;][vc_column_inner el_class=&#8221;&#8221; width=&#8221;1\/12&#8243;][\/vc_column_inner][vc_column_inner el_class=&#8221;&#8221; width=&#8221;10\/12&#8243;][vc_column_text css=&#8221;.vc_custom_1437925888523{padding-top: 20px !important;padding-right: 10% !important;padding-left: 10% !important;}&#8221;]<\/p>\n<h3 style=\"text-align: center;\"><strong>Dies and rollers<br \/>\n<\/strong><\/h3>\n<p style=\"text-align: center;\">At MATRICIR we manufacture all die models in stainless steel and cement steel, from \u00f8300mm to \u00f81500mm; drilling holes from \u00f81.8mm to \u00f825mm in diameter with different shapes<\/p>\n<p style=\"text-align: center;\">We manufacture rolls and all their components; roll shells are available in several models, dimple and fluted, to suit customer needs. We have a permanent stock of uncut materials and finished articles, which enables us to shorten delivery times considerably. Do not forget that MATRICIR means quality and service. Economical results within your grasp.<\/p>\n<p>[\/vc_column_text][\/vc_column_inner][vc_column_inner el_class=&#8221;&#8221; width=&#8221;1\/12&#8243;][\/vc_column_inner][\/vc_row_inner][\/vc_column][\/vc_row][vc_row row_type=&#8221;row&#8221; use_row_as_full_screen_section=&#8221;no&#8221; type=&#8221;grid&#8221; angled_section=&#8221;no&#8221; angled_section_position=&#8221;both&#8221; angled_section_direction=&#8221;from_left_to_right&#8221; text_align=&#8221;left&#8221; background_image_as_pattern=&#8221;without_pattern&#8221; padding_top=&#8221;0&#8243; padding_bottom=&#8221;85&#8243; parallax_content_width=&#8221;in_grid&#8221; el_class=&#8221;theagency_image_txt_over&#8221; row_negative_margin=&#8221;&#8221;][vc_column width=&#8221;1\/2&#8243;][vc_gallery type=&#8221;nivo&#8221; interval=&#8221;3&#8243; onclick=&#8221;link_image&#8221; custom_links_target=&#8221;_self&#8221; column_number=&#8221;2&#8243; grayscale=&#8221;no&#8221; choose_frame=&#8221;default&#8221; images_space=&#8221;gallery_without_space&#8221; images=&#8221;15616,15617,15618,15619&#8243;][vc_column_text css=&#8221;.vc_custom_1437925897316{margin-top: 0px !important;padding-top: 0px !important;}&#8221;]<\/p>\n<p style=\"text-align: center;\"><span class=\"notranslate\">Examples of dies<\/span><\/p>\n<p>[\/vc_column_text][vc_separator type=&#8221;transparent&#8221; position=&#8221;center&#8221; width_in_percentages=&#8221;&#8221; up=&#8221;18&#8243;][\/vc_column][vc_column width=&#8221;1\/2&#8243;][vc_gallery type=&#8221;nivo&#8221; interval=&#8221;3&#8243; onclick=&#8221;link_image&#8221; custom_links_target=&#8221;_self&#8221; column_number=&#8221;2&#8243; grayscale=&#8221;no&#8221; choose_frame=&#8221;default&#8221; images_space=&#8221;gallery_without_space&#8221; images=&#8221;15620,15621,15622,15623,15624,15625&#8243;][vc_column_text css=&#8221;.vc_custom_1437924249529{margin-top: 0px !important;padding-top: 0px !important;}&#8221;]<\/p>\n<p style=\"text-align: center;\">Examples of rollers<\/p>\n<p>[\/vc_column_text][vc_separator type=&#8221;transparent&#8221; position=&#8221;center&#8221; width_in_percentages=&#8221;&#8221; up=&#8221;18&#8243;][\/vc_column][\/vc_row]<\/p>","protected":false},"excerpt":{"rendered":"<p>[vc_row row_type=&#8221;row&#8221; use_row_as_full_screen_section=&#8221;no&#8221; type=&#8221;full_width&#8221; header_style=&#8221;&#8221; parallax_content_width=&#8221;in_grid&#8221; anchor=&#8221;&#8221; in_content_menu=&#8221;&#8221; content_menu_title=&#8221;&#8221; content_menu_icon=&#8221;&#8221; angled_section=&#8221;no&#8221; angled_section_position=&#8221;both&#8221; angled_section_direction=&#8221;from_left_to_right&#8221; text_align=&#8221;left&#8221; video=&#8221;&#8221; video_overlay=&#8221;&#8221; video_overlay_image=&#8221;&#8221; video_webm=&#8221;&#8221; video_mp4=&#8221;&#8221; video_ogv=&#8221;&#8221; video_image=&#8221;&#8221; background_image=&#8221;&#8221; background_image_as_pattern=&#8221;without_pattern&#8221; section_height=&#8221;&#8221; parallax_speed=&#8221;&#8221; background_color=&#8221;&#8221; border_color=&#8221;&#8221; row_negative_margin=&#8221;&#8221; side_padding=&#8221;&#8221; parallax_side_padding=&#8221;&#8221; padding_top=&#8221;&#8221; padding_bottom=&#8221;&#8221; color=&#8221;&#8221; hover_color=&#8221;&#8221; more_button_label=&#8221;&#8221; less_button_label=&#8221;&#8221; button_position=&#8221;&#8221; css_animation=&#8221;&#8221; transition_delay=&#8221;&#8221;][vc_column width=&#8221;1\/1&#8243;][layerslider_vc id=&#8221;6&#8243;][\/vc_column][\/vc_row][vc_row row_type=&#8221;row&#8221; use_row_as_full_screen_section=&#8221;no&#8221; type=&#8221;grid&#8221; angled_section=&#8221;no&#8221;&#8230;<\/p>\n","protected":false},"author":1,"featured_media":0,"parent":0,"menu_order":0,"comment_status":"open","ping_status":"open","template":"full_width.php","meta":[],"_links":{"self":[{"href":"https:\/\/matricir.com\/en\/wp-json\/wp\/v2\/pages\/15366"}],"collection":[{"href":"https:\/\/matricir.com\/en\/wp-json\/wp\/v2\/pages"}],"about":[{"href":"https:\/\/matricir.com\/en\/wp-json\/wp\/v2\/types\/page"}],"author":[{"embeddable":true,"href":"https:\/\/matricir.com\/en\/wp-json\/wp\/v2\/users\/1"}],"replies":[{"embeddable":true,"href":"https:\/\/matricir.com\/en\/wp-json\/wp\/v2\/comments?post=15366"}],"version-history":[{"count":24,"href":"https:\/\/matricir.com\/en\/wp-json\/wp\/v2\/pages\/15366\/revisions"}],"predecessor-version":[{"id":15749,"href":"https:\/\/matricir.com\/en\/wp-json\/wp\/v2\/pages\/15366\/revisions\/15749"}],"wp:attachment":[{"href":"https:\/\/matricir.com\/en\/wp-json\/wp\/v2\/media?parent=15366"}],"curies":[{"name":"wp","href":"https:\/\/api.w.org\/{rel}","templated":true}]}}