{"id":15359,"date":"2015-05-08T08:22:01","date_gmt":"2015-05-08T08:22:01","guid":{"rendered":"http:\/\/demo.qodeinteractive.com\/bridge95\/?page_id=15359"},"modified":"2024-02-28T17:02:01","modified_gmt":"2024-02-28T16:02:01","slug":"serveis","status":"publish","type":"page","link":"https:\/\/matricir.com\/de\/serveis\/","title":{"rendered":"Service"},"content":{"rendered":"<p>[vc_row][vc_column][layerslider_vc id=&#8220;7&#8243;][\/vc_column][\/vc_row][vc_row type=&#8220;grid&#8220; text_align=&#8220;center&#8220; padding_top=&#8220;24&#8243; padding_bottom=&#8220;0&#8243; el_class=&#8220;custom-icon-styles&#8220;][vc_column][vc_row_inner padding_bottom=&#8220;48&#8243; css_animation=&#8220;element_from_bottom&#8220; transition_delay=&#8220;150&#8243;][vc_column_inner][vc_column_text css=&#8220;.vc_custom_1548205883333{padding-top: 20px !important;padding-right: 5% !important;padding-left: 5% !important;}&#8220;]<\/p>\n<h3 style=\"text-align: center;\">Kundenzufriedenheit ist unser Hauptziel<\/h3>\n<p style=\"text-align: center;\">Bei Matricir stellen wir f\u00fcr unsere Kunden ma\u00dfgeschneiderte Produkte mit h\u00f6chster Qualit\u00e4t und Pr\u00e4zision her. Die Hauptsektoren die wir bedienen, sind: Herstellung oder Behandlung von Futtermitteln, Luzerne, Biomasse (granulierte Brennstoffe), D\u00fcngemittel, Kunststoffe &#8230;<\/p>\n<p>[\/vc_column_text][\/vc_column_inner][\/vc_row_inner][\/vc_column][\/vc_row][vc_row][vc_column width=&#8220;1\/6&#8243;][vc_column_text]<br \/>\n[\/vc_column_text][\/vc_column][vc_column width=&#8220;4\/6&#8243;][qode_elements_holder number_of_columns=&#8220;three_columns&#8220;][qode_elements_holder_item][vc_single_image image=&#8220;15585&#8243; alignment=&#8220;center&#8220;][vc_column_text]<\/p>\n<p style=\"text-align: center;\">1. Rohstoff<\/p>\n<p>[\/vc_column_text][vc_separator type=&#8220;transparent&#8220; up=&#8220;25&#8243; down=&#8220;0&#8243;][\/qode_elements_holder_item][qode_elements_holder_item][vc_single_image image=&#8220;15592&#8243; alignment=&#8220;center&#8220;][vc_column_text]<\/p>\n<p style=\"text-align: center;\">2. Design<\/p>\n<p>[\/vc_column_text][vc_separator type=&#8220;transparent&#8220; up=&#8220;25&#8243; down=&#8220;0&#8243;][\/qode_elements_holder_item][qode_elements_holder_item][vc_single_image image=&#8220;15593&#8243; alignment=&#8220;center&#8220;][vc_column_text]<\/p>\n<p style=\"text-align: center;\">3. Drehen<\/p>\n<p>[\/vc_column_text][vc_separator type=&#8220;transparent&#8220; up=&#8220;25&#8243; down=&#8220;0&#8243;][\/qode_elements_holder_item][\/qode_elements_holder][\/vc_column][vc_column width=&#8220;1\/6&#8243;][vc_column_text]<br \/>\n[\/vc_column_text][\/vc_column][\/vc_row][vc_row][vc_column width=&#8220;1\/6&#8243;][vc_column_text]<br \/>\n[\/vc_column_text][\/vc_column][vc_column width=&#8220;4\/6&#8243;][qode_elements_holder number_of_columns=&#8220;three_columns&#8220;][qode_elements_holder_item][vc_single_image image=&#8220;15591&#8243; alignment=&#8220;center&#8220;][vc_column_text]<\/p>\n<p style=\"text-align: center;\">4. Bohren<\/p>\n<p>[\/vc_column_text][vc_separator type=&#8220;transparent&#8220; up=&#8220;25&#8243; down=&#8220;0&#8243;][\/qode_elements_holder_item][qode_elements_holder_item][vc_single_image image=&#8220;15589&#8243; alignment=&#8220;center&#8220;][vc_column_text]<\/p>\n<p style=\"text-align: center;\">5. Ansenken<\/p>\n<p>[\/vc_column_text][vc_separator type=&#8220;transparent&#8220; up=&#8220;25&#8243; down=&#8220;0&#8243;][\/qode_elements_holder_item][qode_elements_holder_item][vc_single_image image=&#8220;15588&#8243; alignment=&#8220;center&#8220;][vc_column_text]<\/p>\n<p style=\"text-align: center;\">6. Thermische Behandlung (Haerten)<\/p>\n<p>[\/vc_column_text][vc_separator type=&#8220;transparent&#8220; up=&#8220;25&#8243; down=&#8220;0&#8243;][\/qode_elements_holder_item][\/qode_elements_holder][\/vc_column][vc_column width=&#8220;1\/6&#8243;][vc_column_text]<br \/>\n[\/vc_column_text][\/vc_column][\/vc_row][vc_row padding_bottom=&#8220;80&#8243;][vc_column width=&#8220;1\/6&#8243;][vc_column_text]<br \/>\n[\/vc_column_text][\/vc_column][vc_column width=&#8220;4\/6&#8243;][qode_elements_holder number_of_columns=&#8220;three_columns&#8220;][qode_elements_holder_item][vc_single_image image=&#8220;15590&#8243; alignment=&#8220;center&#8220;][vc_column_text]<\/p>\n<p style=\"text-align: center;\">7. Nacharbeiten<\/p>\n<p>[\/vc_column_text][vc_separator type=&#8220;transparent&#8220; up=&#8220;25&#8243; down=&#8220;0&#8243;][\/qode_elements_holder_item][qode_elements_holder_item][vc_single_image image=&#8220;15587&#8243; alignment=&#8220;center&#8220;][vc_column_text]<\/p>\n<p style=\"text-align: center;\">8. Einfahren<\/p>\n<p>[\/vc_column_text][vc_separator type=&#8220;transparent&#8220; up=&#8220;25&#8243; down=&#8220;0&#8243;][\/qode_elements_holder_item][qode_elements_holder_item][vc_single_image image=&#8220;15586&#8243; alignment=&#8220;center&#8220;][vc_column_text]<\/p>\n<p style=\"text-align: center;\">9. Verpackung und Transport<\/p>\n<p>[\/vc_column_text][vc_separator type=&#8220;transparent&#8220; up=&#8220;25&#8243; down=&#8220;0&#8243;][\/qode_elements_holder_item][\/qode_elements_holder][\/vc_column][vc_column width=&#8220;1\/6&#8243;][vc_column_text]<br \/>\n[\/vc_column_text][\/vc_column][\/vc_row]<\/p>","protected":false},"excerpt":{"rendered":"<p>[vc_row][vc_column][layerslider_vc id=&#8220;7&#8243;][\/vc_column][\/vc_row][vc_row type=&#8220;grid&#8220; text_align=&#8220;center&#8220; padding_top=&#8220;24&#8243; padding_bottom=&#8220;0&#8243; el_class=&#8220;custom-icon-styles&#8220;][vc_column][vc_row_inner padding_bottom=&#8220;48&#8243; css_animation=&#8220;element_from_bottom&#8220; transition_delay=&#8220;150&#8243;][vc_column_inner][vc_column_text css=&#8220;.vc_custom_1548205883333{padding-top: 20px !important;padding-right: 5% !important;padding-left: 5% !important;}&#8220;] Kundenzufriedenheit ist unser Hauptziel Bei Matricir stellen wir f\u00fcr unsere Kunden ma\u00dfgeschneiderte Produkte mit h\u00f6chster Qualit\u00e4t und Pr\u00e4zision her. Die Hauptsektoren die wir bedienen, sind: Herstellung oder Behandlung&#8230;<\/p>\n","protected":false},"author":1,"featured_media":0,"parent":0,"menu_order":0,"comment_status":"open","ping_status":"open","template":"full_width.php","meta":[],"_links":{"self":[{"href":"https:\/\/matricir.com\/de\/wp-json\/wp\/v2\/pages\/15359"}],"collection":[{"href":"https:\/\/matricir.com\/de\/wp-json\/wp\/v2\/pages"}],"about":[{"href":"https:\/\/matricir.com\/de\/wp-json\/wp\/v2\/types\/page"}],"author":[{"embeddable":true,"href":"https:\/\/matricir.com\/de\/wp-json\/wp\/v2\/users\/1"}],"replies":[{"embeddable":true,"href":"https:\/\/matricir.com\/de\/wp-json\/wp\/v2\/comments?post=15359"}],"version-history":[{"count":47,"href":"https:\/\/matricir.com\/de\/wp-json\/wp\/v2\/pages\/15359\/revisions"}],"predecessor-version":[{"id":15759,"href":"https:\/\/matricir.com\/de\/wp-json\/wp\/v2\/pages\/15359\/revisions\/15759"}],"wp:attachment":[{"href":"https:\/\/matricir.com\/de\/wp-json\/wp\/v2\/media?parent=15359"}],"curies":[{"name":"wp","href":"https:\/\/api.w.org\/{rel}","templated":true}]}}