{"id":15338,"date":"2015-05-08T07:24:24","date_gmt":"2015-05-08T07:24:24","guid":{"rendered":"http:\/\/demo.qodeinteractive.com\/bridge95\/?page_id=15338"},"modified":"2024-02-28T08:22:50","modified_gmt":"2024-02-28T07:22:50","slug":"presentacio","status":"publish","type":"page","link":"https:\/\/matricir.com\/de\/presentacio\/","title":{"rendered":"Unser Unternehmen"},"content":{"rendered":"<p>[vc_row][vc_column][layerslider_vc id=&#8220;14&#8243;][\/vc_column][\/vc_row][vc_row type=&#8220;grid&#8220; padding_top=&#8220;85&#8243; padding_bottom=&#8220;47&#8243;][vc_column][qode_elements_holder background_color=&#8220;#f9f9f9&#8243; number_of_columns=&#8220;four_columns&#8220;][qode_elements_holder_item][vc_video link=&#8220;http:\/\/youtu.be\/piAhC41tBh0?rel=0&#8243; css=&#8220;.vc_custom_1709104960657{background-color: #000000 !important;}&#8220;][\/qode_elements_holder_item][\/qode_elements_holder][\/vc_column][\/vc_row][vc_row][vc_column][vc_column_text]<\/p>\n<p>[\/vc_column_text][\/vc_column][\/vc_row][vc_row type=&#8220;grid&#8220; padding_top=&#8220;40&#8243; padding_bottom=&#8220;47&#8243;][vc_column width=&#8220;1\/2&#8243;][vc_column_text]<\/p>\n<h3>Wir \u00fcber uns<\/h3>\n<p>[\/vc_column_text][vc_separator type=&#8220;transparent&#8220; up=&#8220;18&#8243; down=&#8220;0&#8243;][vc_column_text]MATRICIR widmet sich seit der Gruendung im Jahr 1970 der Herstellung von Hochqualitativen Ersatz- und Verschleissteilen fuer die Pelletierungsindustrie.<\/p>\n<p>Unsere Matrizen und Koller sind das Ergebnis der Arbeit auf h\u00f6chstem Niveau unserer Forschung, Entwicklung und Fertigung. Die Erfahrung und das besondere Augenmerk auf die neuesten Entwicklungen des Marktes vereinen sich zu optimalen Ergebnissen.[\/vc_column_text][vc_separator type=&#8220;transparent&#8220; up=&#8220;29&#8243; down=&#8220;0&#8243;][vc_column_text]<\/p>\n<h3>Qualit\u00e4t und Zuverl\u00e4ssigkeit<\/h3>\n<p>[\/vc_column_text][vc_separator type=&#8220;transparent&#8220; up=&#8220;18&#8243; down=&#8220;0&#8243;][vc_column_text]Wir verwenden Materialien von bester Qualit\u00e4t und fertigen nach strengen technischen Spezifikationen mit automatischen numerischen Kontrollmaschinen und hochqualifiziertem technischem Personal.[\/vc_column_text][\/vc_column][vc_column width=&#8220;1\/2&#8243;][vc_single_image image=&#8220;15613&#8243; img_size=&#8220;large&#8220;][\/vc_column][\/vc_row][vc_row type=&#8220;grid&#8220; padding_top=&#8220;15&#8243; padding_bottom=&#8220;85&#8243;][vc_column width=&#8220;1\/2&#8243;][vc_single_image image=&#8220;15614&#8243; img_size=&#8220;large&#8220;][\/vc_column][vc_column width=&#8220;1\/2&#8243;][vc_column_text]Unsere Maschinen und Fertigungssysteme erm\u00f6glichen ein optimales Finish im Inneren der Bohrerloecher. In der Endphase wird das Einfahren mit speziellem Material als unerl\u00e4sslich angesehen. Auf diese Weise wird das schnelle und korrekte Anlaufen der Matrize beim Kunden gew\u00e4hrleistet.<\/p>\n<p>Erw\u00e4hnenswert ist auch, dass MATRICIR derzeit \u00fcber zwei weltweit einzigartige Tieflochbohrmaschinen verf\u00fcgt. Dies sind Maschinen auf dem neuesten Stand der Technik, mit 12 synchronarbeitenden Bohrspindel pro Maschine, die hervorragende Bohrgeschwindigkeiten erreichen sowie ein exzellentes finisch im inneren der Loecher erm\u00f6glichen. Die Tieflochbohrer, zusammen mit einem hoch entwickelten vertikalen Bearbeitungszentrum, das das Drehen, Bohren sowie Gewindedrehen erm\u00f6glicht, machen MATRICIR zu einem f\u00fchrenden Unternehmen in Bezug auf technologische Investitionen und Fertigungsmaschinen in der Branche.[\/vc_column_text][\/vc_column][\/vc_row]<\/p>","protected":false},"excerpt":{"rendered":"<p>[vc_row][vc_column][layerslider_vc id=&#8220;14&#8243;][\/vc_column][\/vc_row][vc_row type=&#8220;grid&#8220; padding_top=&#8220;85&#8243; padding_bottom=&#8220;47&#8243;][vc_column][qode_elements_holder background_color=&#8220;#f9f9f9&#8243; number_of_columns=&#8220;four_columns&#8220;][qode_elements_holder_item][vc_video link=&#8220;http:\/\/youtu.be\/piAhC41tBh0?rel=0&#8243; css=&#8220;.vc_custom_1709104960657{background-color: #000000 !important;}&#8220;][\/qode_elements_holder_item][\/qode_elements_holder][\/vc_column][\/vc_row][vc_row][vc_column][vc_column_text] [\/vc_column_text][\/vc_column][\/vc_row][vc_row type=&#8220;grid&#8220; padding_top=&#8220;40&#8243; padding_bottom=&#8220;47&#8243;][vc_column width=&#8220;1\/2&#8243;][vc_column_text] Wir \u00fcber uns [\/vc_column_text][vc_separator type=&#8220;transparent&#8220; up=&#8220;18&#8243; down=&#8220;0&#8243;][vc_column_text]MATRICIR widmet sich seit der Gruendung im Jahr 1970 der Herstellung von Hochqualitativen Ersatz- und Verschleissteilen fuer die Pelletierungsindustrie. Unsere Matrizen und Koller&#8230;<\/p>\n","protected":false},"author":1,"featured_media":0,"parent":0,"menu_order":0,"comment_status":"open","ping_status":"open","template":"full_width.php","meta":[],"_links":{"self":[{"href":"https:\/\/matricir.com\/de\/wp-json\/wp\/v2\/pages\/15338"}],"collection":[{"href":"https:\/\/matricir.com\/de\/wp-json\/wp\/v2\/pages"}],"about":[{"href":"https:\/\/matricir.com\/de\/wp-json\/wp\/v2\/types\/page"}],"author":[{"embeddable":true,"href":"https:\/\/matricir.com\/de\/wp-json\/wp\/v2\/users\/1"}],"replies":[{"embeddable":true,"href":"https:\/\/matricir.com\/de\/wp-json\/wp\/v2\/comments?post=15338"}],"version-history":[{"count":30,"href":"https:\/\/matricir.com\/de\/wp-json\/wp\/v2\/pages\/15338\/revisions"}],"predecessor-version":[{"id":15757,"href":"https:\/\/matricir.com\/de\/wp-json\/wp\/v2\/pages\/15338\/revisions\/15757"}],"wp:attachment":[{"href":"https:\/\/matricir.com\/de\/wp-json\/wp\/v2\/media?parent=15338"}],"curies":[{"name":"wp","href":"https:\/\/api.w.org\/{rel}","templated":true}]}}